{"id":8313,"date":"2014-01-24T13:34:46","date_gmt":"2014-01-24T10:34:46","guid":{"rendered":"http:\/\/www.keikari.com\/blogi\/?page_id=8313"},"modified":"2016-05-03T12:48:45","modified_gmt":"2016-05-03T09:48:45","slug":"sanottua","status":"publish","type":"page","link":"https:\/\/www.keikari.com\/blogi\/sanottua\/","title":{"rendered":"Sanottua"},"content":{"rendered":"<p><strong>G. Bruce Boyer, maineikas amerikkalainen tyylijournalisti ja -kirjailija, entinen muotitoimittaja Town&amp;Country-, Esquire- sek\u00e4 GQ-lehdille<\/strong><\/p>\n<p>\u201cKeikari\u2026is really what I think a stylish men\u2019s magazine should be.\u201d<\/p>\n<p style=\"text-align: center;\">* * *<\/p>\n<p><strong>Arman Alizad ja Sonja Raassina, Pukustudion r\u00e4\u00e4t\u00e4limestarit<\/strong><\/p>\n<div>\n<p><span style=\"font-size: 14px; line-height: 1.625;\">\u201cKeikarin blogi on Suomen kattavin tyyliblogi. Blogi, joka on omistautunut tyylille, laadulle sek\u00e4 hyv\u00e4lle pukeutumiselle. Ville Raivion Keikari, kuten kaikki menestystarinat, omaa saman ominaispiirteen, joka tekee siit\u00e4 kiinnostavamman kuin muut. Se on tehty rakkaudella.\u201d<\/span><\/p>\n<p style=\"text-align: center;\">* * *<\/p>\n<p><strong>Erkan Fere,\u00a0<span style=\"font-size: 14px; line-height: 1.625;\">Pukimo Feren hallituksen puheenjohtaja, Left Shoe Companyn toimitusjohtaja<\/span><\/strong><\/p>\n<p>\u201dVille Raivio kuuluu harvalukuiseen joukkoon tapaamiani henkil\u00f6it\u00e4, jotka pureutuvat pukeutumiseen liittyviss\u00e4 asioissa, niin tyyli- kuin laatukysymyksiss\u00e4, asiantuntemuksella jota t\u00e4n\u00e4 p\u00e4iv\u00e4n\u00e4 ei odota kohtaavan perinteisten alamme pyh\u00e4kk\u00f6jen ulkopuolella. Henkil\u00f6kohtainen kiinnostus ja asiantuntemus n\u00e4kyy vahvasti h\u00e4nen ty\u00f6ss\u00e4\u00e4n, joka askeleella.\u201d<\/p>\n<p style=\"text-align: center;\">* * *<\/p>\n<p><strong>Tuomo Pyntt\u00e4ri, r<span style=\"font-size: 14px; line-height: 1.625;\">\u00e4\u00e4t\u00e4li, Vaaturiliike Sauman toinen omistaja<\/span><\/strong><\/p>\n<p>&#8220;Villen Keikari.com sivusto pit\u00e4\u00e4 uniikilla tavalla yll\u00e4 tietoutta tyylikk\u00e4\u00e4st\u00e4 pukeutumisesta ja ajattomasta eleganssista. Ilo on ollut seurata kuinka sivusto on yhdist\u00e4nyt samanhenkisi\u00e4 ihmisi\u00e4.&#8221;<\/p>\n<p style=\"text-align: center;\">* * *<\/p>\n<p><strong>Jussi Neirtamo,\u00a0<span style=\"font-size: 14px; line-height: 1.625;\">Nippanapan nahkamestari<\/span><\/strong><\/p>\n<p>&#8220;Jos mies tahtoo pukeutua persoonallisesti, niin seh\u00e4n k\u00e4y kenelt\u00e4 vain &#8211; ik\u00e4v\u00e4 kyll\u00e4. Jos haluaa n\u00e4ytt\u00e4\u00e4 tyylikk\u00e4\u00e4lt\u00e4, asusteita my\u00f6ten, kannattaa mielest\u00e4ni tutustua ensin sivustoon keikari.com. Keikarin sivuilta Nippanapan l\u00f6yt\u00e4neet asiakkaat ovat olleet poikkeuksellisen laatu- ja tyylitietoisia. Olemme jopa hieman s\u00e4\u00e4t\u00e4neet valikoimaamme k\u00e4sineiss\u00e4, v\u00f6iss\u00e4 ja jopa l\u00e4pp\u00e4rilaukuissa sek\u00e4 -salkuissa t\u00e4m\u00e4n asiakasryhm\u00e4n vaikutuksesta.&#8221;<\/p>\n<p style=\"text-align: center;\">* * *<\/p>\n<p><strong>Petri Korhonen,\u00a0<span style=\"font-size: 14px; line-height: 1.625;\">Taloussanomat-verkkolehden toimitusp\u00e4\u00e4llikk\u00f6<\/span><\/strong><\/p>\n<p>&#8220;Kenen joukoissa kuljet? Prameilunhalun tai kvartaaliakin nopeammin vaihtuvan pintamuodin ihailun rinnalla on kolmaskin tie: aidon, luontevan ja aikaa kest\u00e4v\u00e4n tyylin etsiminen. Osaavia matkaoppaita ei t\u00e4ll\u00e4 tiell\u00e4 ole koskaan liikaa: siksi Ville\u00e4 kannattaa seurata.&#8221;<\/p>\n<p style=\"text-align: center;\">* * *<\/p>\n<p><strong>Sami Eklund, P<span style=\"font-size: 14px; line-height: 1.625;\">ukimo Feren toimitusjohtaja<\/span><\/strong><\/p>\n<p>\u201dVillen luoma Keikari-sivusto on laajin tuntemani klassisen miesten muodin suomeksi kirjoitettu &#8216;tietoteos.&#8217; Ville on koonnut yhteen paikkaan kaiken oleellisen klassisesta pukeutumisesta ja esittelee sivullaan mahtavan m\u00e4\u00e4r\u00e4n mielenkiintoisia laatumerkkej\u00e4 ja -tuotteita. Ville kirjoitaa tekstins\u00e4 tarkasti, asiallisesti ja kiinnostavasti &#8211; siksi Keikari-sivusto imaiseekin lukijansa mukaan mailmaan, josta ei malta p\u00e4\u00e4st\u00e4\u00e4 irti.\u201d<\/p>\n<\/div>\n","protected":false},"excerpt":{"rendered":"<p>G. Bruce Boyer, maineikas amerikkalainen tyylijournalisti ja -kirjailija, entinen muotitoimittaja Town&amp;Country-, Esquire- sek\u00e4 GQ-lehdille \u201cKeikari\u2026is really what I think a &#8230; <br \/><a class=\"more-link\" href=\"https:\/\/www.keikari.com\/blogi\/sanottua\/\">keep reading<\/a><\/p>\n","protected":false},"author":2,"featured_media":0,"parent":0,"menu_order":2,"comment_status":"open","ping_status":"open","template":"","meta":{"footnotes":"","_links_to":"","_links_to_target":""},"class_list":["post-8313","page","type-page","status-publish","hentry"],"aioseo_notices":[],"_links":{"self":[{"href":"https:\/\/www.keikari.com\/blogi\/wp-json\/wp\/v2\/pages\/8313","targetHints":{"allow":["GET"]}}],"collection":[{"href":"https:\/\/www.keikari.com\/blogi\/wp-json\/wp\/v2\/pages"}],"about":[{"href":"https:\/\/www.keikari.com\/blogi\/wp-json\/wp\/v2\/types\/page"}],"author":[{"embeddable":true,"href":"https:\/\/www.keikari.com\/blogi\/wp-json\/wp\/v2\/users\/2"}],"replies":[{"embeddable":true,"href":"https:\/\/www.keikari.com\/blogi\/wp-json\/wp\/v2\/comments?post=8313"}],"version-history":[{"count":5,"href":"https:\/\/www.keikari.com\/blogi\/wp-json\/wp\/v2\/pages\/8313\/revisions"}],"predecessor-version":[{"id":10441,"href":"https:\/\/www.keikari.com\/blogi\/wp-json\/wp\/v2\/pages\/8313\/revisions\/10441"}],"wp:attachment":[{"href":"https:\/\/www.keikari.com\/blogi\/wp-json\/wp\/v2\/media?parent=8313"}],"curies":[{"name":"wp","href":"https:\/\/api.w.org\/{rel}","templated":true}]}}